{"id":941,"date":"2019-09-17T19:14:12","date_gmt":"2019-09-17T19:14:12","guid":{"rendered":"http:\/\/doralinternationalgroup.com\/?page_id=941"},"modified":"2022-03-07T11:50:26","modified_gmt":"2022-03-07T16:50:26","slug":"industrial-products","status":"publish","type":"page","link":"https:\/\/doralinternationalgroup.com\/es\/products\/industrial-products\/","title":{"rendered":"PRODUCTOS INDUSTRIALES"},"content":{"rendered":"<div class=\"wp-block-media-text alignfull is-stacked-on-mobile is-image-fill has-foreground-background-color has-background\" style=\"grid-template-columns:54% auto\"><figure class=\"wp-block-media-text__media\" style=\"background-image:url(https:\/\/doralinternationalgroup.com\/wp-content\/uploads\/2019\/09\/picture35-1.jpg?w=622);background-position:50% 50%\"><img data-recalc-dims=\"1\" loading=\"lazy\" decoding=\"async\" width=\"622\" height=\"375\" data-attachment-id=\"874\" data-permalink=\"https:\/\/doralinternationalgroup.com\/es\/homepage\/picture35-2\/\" data-orig-file=\"https:\/\/i0.wp.com\/doralinternationalgroup.com\/wp-content\/uploads\/2019\/09\/picture35-1.jpg?fit=622%2C375&amp;ssl=1\" data-orig-size=\"622,375\" data-comments-opened=\"1\" data-image-meta=\"{&quot;aperture&quot;:&quot;0&quot;,&quot;credit&quot;:&quot;&quot;,&quot;camera&quot;:&quot;&quot;,&quot;caption&quot;:&quot;&quot;,&quot;created_timestamp&quot;:&quot;0&quot;,&quot;copyright&quot;:&quot;&quot;,&quot;focal_length&quot;:&quot;0&quot;,&quot;iso&quot;:&quot;0&quot;,&quot;shutter_speed&quot;:&quot;0&quot;,&quot;title&quot;:&quot;&quot;,&quot;orientation&quot;:&quot;0&quot;}\" data-image-title=\"picture35\" data-image-description=\"\" data-image-caption=\"\" data-medium-file=\"https:\/\/i0.wp.com\/doralinternationalgroup.com\/wp-content\/uploads\/2019\/09\/picture35-1.jpg?fit=300%2C181&amp;ssl=1\" data-large-file=\"https:\/\/i0.wp.com\/doralinternationalgroup.com\/wp-content\/uploads\/2019\/09\/picture35-1.jpg?fit=622%2C375&amp;ssl=1\" src=\"https:\/\/i0.wp.com\/doralinternationalgroup.com\/wp-content\/uploads\/2019\/09\/picture35-1.jpg?resize=622%2C375&#038;ssl=1\" alt=\"\" class=\"wp-image-874 size-full\"\/><\/figure><div class=\"wp-block-media-text__content\">\n<p class=\"has-text-color has-custom-size\" style=\"color:#ffffff;font-size:16px;line-height:1.5\">En nuestro Grupo Doral, nos esforzamos en ofrecer los mejores productos con un proceso de instalaci\u00f3n rapido y eficiente y sobre todo con un alto nivel de seguridad y valor. Nuestros productos industriales son f\u00e1ciles de manejar, con dise\u00f1os innovadores, y fabricados para una larga durabilidad. <\/p>\n<\/div><\/div>\n\n\n\n<p class=\"has-text-align-center\" style=\"font-size:15px\">*Oprima una imagen para obtener m\u00e1s informaci\u00f3n* <\/p>\n\n\n\n<div class=\"wp-block-columns alignfull is-layout-flex wp-container-core-columns-is-layout-28f84493 wp-block-columns-is-layout-flex\">\n<div class=\"wp-block-column is-layout-flow wp-block-column-is-layout-flow\"><\/div>\n\n\n\n<div class=\"wp-block-column is-layout-flow wp-block-column-is-layout-flow\" style=\"padding-top:10px;padding-right:10px;padding-bottom:10px;padding-left:10px\">\n<div class=\"wp-block-image\"><figure class=\"aligncenter size-thumbnail is-resized\"><a href=\"https:\/\/doralinternationalgroup.com\/viega\/\" target=\"_blank\" rel=\"noopener\"><img data-recalc-dims=\"1\" loading=\"lazy\" decoding=\"async\" data-attachment-id=\"263\" data-permalink=\"https:\/\/doralinternationalgroup.com\/es\/logo-1\/\" data-orig-file=\"https:\/\/i0.wp.com\/doralinternationalgroup.com\/wp-content\/uploads\/2019\/08\/logo-1.jpg?fit=306%2C263&amp;ssl=1\" data-orig-size=\"306,263\" data-comments-opened=\"1\" data-image-meta=\"{&quot;aperture&quot;:&quot;0&quot;,&quot;credit&quot;:&quot;&quot;,&quot;camera&quot;:&quot;&quot;,&quot;caption&quot;:&quot;&quot;,&quot;created_timestamp&quot;:&quot;0&quot;,&quot;copyright&quot;:&quot;&quot;,&quot;focal_length&quot;:&quot;0&quot;,&quot;iso&quot;:&quot;0&quot;,&quot;shutter_speed&quot;:&quot;0&quot;,&quot;title&quot;:&quot;&quot;,&quot;orientation&quot;:&quot;0&quot;}\" data-image-title=\"logo-1\" data-image-description=\"\" data-image-caption=\"\" data-medium-file=\"https:\/\/i0.wp.com\/doralinternationalgroup.com\/wp-content\/uploads\/2019\/08\/logo-1.jpg?fit=300%2C258&amp;ssl=1\" data-large-file=\"https:\/\/i0.wp.com\/doralinternationalgroup.com\/wp-content\/uploads\/2019\/08\/logo-1.jpg?fit=306%2C263&amp;ssl=1\" src=\"https:\/\/i0.wp.com\/doralinternationalgroup.com\/wp-content\/uploads\/2019\/08\/logo-1.jpg?resize=138%2C119&#038;ssl=1\" alt=\"\" class=\"wp-image-263\" width=\"138\" height=\"119\"\/><\/a><\/figure><\/div>\n\n\n\n<p class=\"has-text-align-center has-small-font-size\"><strong>Sistemas de Plomer\u00eda Viega<\/strong><\/p>\n<\/div>\n\n\n\n<div class=\"wp-block-column is-layout-flow wp-block-column-is-layout-flow\" style=\"padding-top:10px;padding-right:10px;padding-bottom:10px;padding-left:10px\">\n<div class=\"wp-block-image\"><figure class=\"aligncenter size-full is-resized\"><a href=\"https:\/\/www.rapidlockingsystem.com\/\" target=\"_blank\" rel=\"noopener\"><img data-recalc-dims=\"1\" loading=\"lazy\" decoding=\"async\" data-attachment-id=\"6508\" data-permalink=\"https:\/\/doralinternationalgroup.com\/es\/homepage\/rls-2-2\/\" data-orig-file=\"https:\/\/i0.wp.com\/doralinternationalgroup.com\/wp-content\/uploads\/2022\/02\/RLS-2.png?fit=500%2C400&amp;ssl=1\" data-orig-size=\"500,400\" data-comments-opened=\"0\" data-image-meta=\"{&quot;aperture&quot;:&quot;0&quot;,&quot;credit&quot;:&quot;&quot;,&quot;camera&quot;:&quot;&quot;,&quot;caption&quot;:&quot;&quot;,&quot;created_timestamp&quot;:&quot;0&quot;,&quot;copyright&quot;:&quot;&quot;,&quot;focal_length&quot;:&quot;0&quot;,&quot;iso&quot;:&quot;0&quot;,&quot;shutter_speed&quot;:&quot;0&quot;,&quot;title&quot;:&quot;&quot;,&quot;orientation&quot;:&quot;0&quot;}\" data-image-title=\"RLS-2\" data-image-description=\"\" data-image-caption=\"\" data-medium-file=\"https:\/\/i0.wp.com\/doralinternationalgroup.com\/wp-content\/uploads\/2022\/02\/RLS-2.png?fit=300%2C240&amp;ssl=1\" data-large-file=\"https:\/\/i0.wp.com\/doralinternationalgroup.com\/wp-content\/uploads\/2022\/02\/RLS-2.png?fit=500%2C400&amp;ssl=1\" src=\"https:\/\/i0.wp.com\/doralinternationalgroup.com\/wp-content\/uploads\/2022\/02\/RLS-2.png?resize=154%2C123&#038;ssl=1\" alt=\"\" class=\"wp-image-6508\" width=\"154\" height=\"123\" srcset=\"https:\/\/i0.wp.com\/doralinternationalgroup.com\/wp-content\/uploads\/2022\/02\/RLS-2.png?w=500&amp;ssl=1 500w, https:\/\/i0.wp.com\/doralinternationalgroup.com\/wp-content\/uploads\/2022\/02\/RLS-2.png?resize=300%2C240&amp;ssl=1 300w, https:\/\/i0.wp.com\/doralinternationalgroup.com\/wp-content\/uploads\/2022\/02\/RLS-2.png?resize=15%2C12&amp;ssl=1 15w\" sizes=\"auto, (max-width: 154px) 100vw, 154px\" \/><\/a><\/figure><\/div>\n\n\n\n<p class=\"has-text-align-center has-small-font-size\"><strong><strong>RLS Rapid Locking Syste<\/strong>m<\/strong><\/p>\n<\/div>\n\n\n\n<div class=\"wp-block-column is-layout-flow wp-block-column-is-layout-flow\"><\/div>\n<\/div>\n\n\n\n<hr class=\"wp-block-separator is-style-wide\"\/>","protected":false},"excerpt":{"rendered":"<p>At Doral Group, we strive to offer the best products that have an efficient installation process, are durable and provide the greatest value. Our industrial products are easy to handle, innovative by design, and built to last. *Click on images to learn more* Viega Plumbing Systems RLS Rapid Locking System<\/p>","protected":false},"author":164231309,"featured_media":0,"parent":259,"menu_order":0,"comment_status":"closed","ping_status":"closed","template":"templates\/full-width-page.php","meta":{"advanced_seo_description":"","jetpack_seo_html_title":"","jetpack_seo_noindex":false,"jetpack_post_was_ever_published":false,"footnotes":""},"class_list":["post-941","page","type-page","status-publish","hentry","entry"],"jetpack_likes_enabled":true,"jetpack_sharing_enabled":false,"jetpack_shortlink":"https:\/\/wp.me\/PbbkPv-fb","amp_enabled":false,"_links":{"self":[{"href":"https:\/\/doralinternationalgroup.com\/es\/wp-json\/wp\/v2\/pages\/941","targetHints":{"allow":["GET"]}}],"collection":[{"href":"https:\/\/doralinternationalgroup.com\/es\/wp-json\/wp\/v2\/pages"}],"about":[{"href":"https:\/\/doralinternationalgroup.com\/es\/wp-json\/wp\/v2\/types\/page"}],"author":[{"embeddable":true,"href":"https:\/\/doralinternationalgroup.com\/es\/wp-json\/wp\/v2\/users\/164231309"}],"replies":[{"embeddable":true,"href":"https:\/\/doralinternationalgroup.com\/es\/wp-json\/wp\/v2\/comments?post=941"}],"version-history":[{"count":46,"href":"https:\/\/doralinternationalgroup.com\/es\/wp-json\/wp\/v2\/pages\/941\/revisions"}],"predecessor-version":[{"id":6764,"href":"https:\/\/doralinternationalgroup.com\/es\/wp-json\/wp\/v2\/pages\/941\/revisions\/6764"}],"up":[{"embeddable":true,"href":"https:\/\/doralinternationalgroup.com\/es\/wp-json\/wp\/v2\/pages\/259"}],"wp:attachment":[{"href":"https:\/\/doralinternationalgroup.com\/es\/wp-json\/wp\/v2\/media?parent=941"}],"curies":[{"name":"wp","href":"https:\/\/api.w.org\/{rel}","templated":true}]}}