{"id":3257,"date":"2019-10-24T17:21:01","date_gmt":"2019-10-24T21:21:01","guid":{"rendered":"https:\/\/doralinternationalgroup.com\/?page_id=3257"},"modified":"2022-03-07T11:52:41","modified_gmt":"2022-03-07T16:52:41","slug":"videos","status":"publish","type":"page","link":"https:\/\/doralinternationalgroup.com\/es\/videos\/","title":{"rendered":"VIDEOS"},"content":{"rendered":"<div class=\"wp-block-media-text alignfull is-stacked-on-mobile is-image-fill has-foreground-background-color has-background\" style=\"grid-template-columns:54% auto\"><figure class=\"wp-block-media-text__media\" style=\"background-image:url(https:\/\/doralinternationalgroup.com\/wp-content\/uploads\/2019\/10\/VIega-and-Symmons.png);background-position:70% 53.191489361702125%\"><img data-recalc-dims=\"1\" loading=\"lazy\" decoding=\"async\" width=\"648\" height=\"306\" data-attachment-id=\"3346\" data-permalink=\"https:\/\/doralinternationalgroup.com\/es\/videos\/viega-and-symmons\/\" data-orig-file=\"https:\/\/i0.wp.com\/doralinternationalgroup.com\/wp-content\/uploads\/2019\/10\/VIega-and-Symmons.png?fit=648%2C306&amp;ssl=1\" data-orig-size=\"648,306\" data-comments-opened=\"0\" data-image-meta=\"{&quot;aperture&quot;:&quot;0&quot;,&quot;credit&quot;:&quot;&quot;,&quot;camera&quot;:&quot;&quot;,&quot;caption&quot;:&quot;&quot;,&quot;created_timestamp&quot;:&quot;0&quot;,&quot;copyright&quot;:&quot;&quot;,&quot;focal_length&quot;:&quot;0&quot;,&quot;iso&quot;:&quot;0&quot;,&quot;shutter_speed&quot;:&quot;0&quot;,&quot;title&quot;:&quot;&quot;,&quot;orientation&quot;:&quot;0&quot;}\" data-image-title=\"VIega and Symmons\" data-image-description=\"\" data-image-caption=\"\" data-large-file=\"https:\/\/i0.wp.com\/doralinternationalgroup.com\/wp-content\/uploads\/2019\/10\/VIega-and-Symmons.png?fit=648%2C306&amp;ssl=1\" src=\"https:\/\/i0.wp.com\/doralinternationalgroup.com\/wp-content\/uploads\/2019\/10\/VIega-and-Symmons.png?resize=648%2C306&#038;ssl=1\" alt=\"\" class=\"wp-image-3346 size-full\" srcset=\"https:\/\/i0.wp.com\/doralinternationalgroup.com\/wp-content\/uploads\/2019\/10\/VIega-and-Symmons.png?w=648&amp;ssl=1 648w, https:\/\/i0.wp.com\/doralinternationalgroup.com\/wp-content\/uploads\/2019\/10\/VIega-and-Symmons.png?resize=300%2C142&amp;ssl=1 300w\" sizes=\"auto, (max-width: 648px) 100vw, 648px\" \/><\/figure><div class=\"wp-block-media-text__content\">\n<p class=\"has-text-color\" style=\"color:#ffffff;font-size:16px;line-height:1.5\">Mire estos videos para obtener m\u00e1s informaci\u00f3n sobre la calidad superior de las sistemas de plomer\u00eda Viega, los Press Fittings RLS y los grifos Symmons.<\/p>\n<\/div><\/div>\n\n\n\n<h3 class=\"has-text-align-center has-custom-font has-normal-font-size has-foreground-color has-text-color wp-block-heading\"><strong>VIEGA<\/strong><\/h3>\n\n\n\n<div class=\"wp-block-columns alignwide is-layout-flex wp-container-core-columns-is-layout-28f84493 wp-block-columns-is-layout-flex\">\n<div class=\"wp-block-column is-layout-flow wp-block-column-is-layout-flow\">\n<figure class=\"wp-block-video aligncenter\"><video height=\"720\" style=\"aspect-ratio: 1280 \/ 720;\" width=\"1280\" controls poster=\"https:\/\/doralinternationalgroup.com\/wp-content\/uploads\/2019\/10\/Viega-video-1.png\" src=\"https:\/\/doralinternationalgroup.com\/wp-content\/uploads\/2019\/10\/VIEGA-MANABLOC-The-Fastest-and-Easiest-Water-Heating-and-Cooling-System-or-Viega-720p.mp4\"><\/video><figcaption><strong>ManaBloc, Sistema de Calentamiento y Enfriamiento de Agua m\u00e1s R\u00e1pida y Sencilla<\/strong><\/figcaption><\/figure>\n<\/div>\n\n\n\n<div class=\"wp-block-column is-layout-flow wp-block-column-is-layout-flow\">\n<figure class=\"wp-block-video aligncenter\"><video height=\"720\" style=\"aspect-ratio: 1280 \/ 720;\" width=\"1280\" controls poster=\"https:\/\/doralinternationalgroup.com\/wp-content\/uploads\/2019\/10\/Viega-PEX-video.png\" src=\"https:\/\/doralinternationalgroup.com\/wp-content\/uploads\/2019\/10\/WHY-IS-PEX-THE-BEST-or-Commercial-Applications-or-Viega-720p.mp4\"><\/video><figcaption> <strong>Beneficios PEX<\/strong><\/figcaption><\/figure>\n<\/div>\n\n\n\n<div class=\"wp-block-column is-layout-flow wp-block-column-is-layout-flow\">\n<figure class=\"wp-block-video aligncenter wp-block-embed is-type-video is-provider-videopress\"><div class=\"wp-block-embed__wrapper\">\n<iframe title=\"VideoPress Video Player\" aria-label='VideoPress Video Player' width='750' height='422' src='https:\/\/videopress.com\/embed\/ms9l2kBS?cover=1&amp;posterUrl=https%3A%2F%2Fdoralinternationalgroup.com%2Fwp-content%2Fuploads%2F2019%2F11%2FViega-videos.png&amp;preloadContent=metadata&amp;hd=1' frameborder='0' allowfullscreen data-resize-to-parent=\"true\"><\/iframe><script src='https:\/\/v0.wordpress.com\/js\/next\/videopress-iframe.js?m=1633526814'><\/script>\n<\/div><figcaption><strong>Descubre el ManaBloc y sus Ventajas (Espa\u00f1ol) <\/strong><\/figcaption><\/figure>\n<\/div>\n<\/div>\n\n\n\n<p class=\"has-text-align-center\" style=\"font-size:15px\">Para ver mas videos de Viega, <a href=\"https:\/\/www.youtube.com\/channel\/UCWZdIC1UECZpHq0jqng3Kjw\/featured\" target=\"_blank\" rel=\"noreferrer noopener\" aria-label=\" (opens in a new tab)\">oprima aqui<\/a>.<\/p>\n\n\n\n<hr class=\"wp-block-separator is-style-wide\"\/>\n\n\n\n<h3 class=\"has-text-align-center has-custom-font has-normal-font-size has-foreground-color has-text-color wp-block-heading\"><strong>RLS<\/strong><\/h3>\n\n\n\n<div class=\"wp-block-columns alignwide is-layout-flex wp-container-core-columns-is-layout-28f84493 wp-block-columns-is-layout-flex\">\n<div class=\"wp-block-column is-vertically-aligned-center is-layout-flow wp-block-column-is-layout-flow\">\n<figure class=\"wp-block-embed aligncenter is-type-video is-provider-youtube wp-block-embed-youtube wp-embed-aspect-16-9 wp-has-aspect-ratio\"><div class=\"wp-block-embed__wrapper\">\n<span class=\"embed-youtube\" style=\"text-align:center; display: block;\"><iframe loading=\"lazy\" class=\"youtube-player\" width=\"750\" height=\"422\" src=\"https:\/\/www.youtube.com\/embed\/UQpv3HksDcs?version=3&#038;rel=1&#038;showsearch=0&#038;showinfo=1&#038;iv_load_policy=1&#038;fs=1&#038;hl=es-ES&#038;autohide=2&#038;start=4&#038;wmode=transparent\" allowfullscreen=\"true\" style=\"border:0;\" sandbox=\"allow-scripts allow-same-origin allow-popups allow-presentation allow-popups-to-escape-sandbox\"><\/iframe><\/span>\n<\/div><figcaption><strong>RLS 30-Second Demo<\/strong><\/figcaption><\/figure>\n<\/div>\n\n\n\n<div class=\"wp-block-column is-layout-flow wp-block-column-is-layout-flow\">\n<figure class=\"wp-block-embed aligncenter is-type-video is-provider-youtube wp-block-embed-youtube wp-embed-aspect-16-9 wp-has-aspect-ratio\"><div class=\"wp-block-embed__wrapper\">\n<span class=\"embed-youtube\" style=\"text-align:center; display: block;\"><iframe loading=\"lazy\" class=\"youtube-player\" width=\"750\" height=\"422\" src=\"https:\/\/www.youtube.com\/embed\/_-TAiSmUzm0?version=3&#038;rel=1&#038;showsearch=0&#038;showinfo=1&#038;iv_load_policy=1&#038;fs=1&#038;hl=es-ES&#038;autohide=2&#038;start=9&#038;wmode=transparent\" allowfullscreen=\"true\" style=\"border:0;\" sandbox=\"allow-scripts allow-same-origin allow-popups allow-presentation allow-popups-to-escape-sandbox\"><\/iframe><\/span>\n<\/div><figcaption><strong>RLS Step-by-Step Demonstration<\/strong><\/figcaption><\/figure>\n<\/div>\n<\/div>\n\n\n\n<p class=\"has-text-align-center\" style=\"font-size:15px\"> Para ver mas videos de RLS, <a href=\"https:\/\/www.youtube.com\/channel\/UCnP9YoFsAJDBC3U6YZJl2rA\" target=\"_blank\" rel=\"noreferrer noopener\">oprima aqui<\/a>. <\/p>\n\n\n\n<hr class=\"wp-block-separator is-style-wide\"\/>\n\n\n\n<h3 class=\"has-text-align-center has-custom-font has-normal-font-size has-foreground-color has-text-color wp-block-heading\"><strong>SYMMONS<\/strong><\/h3>\n\n\n\n<div class=\"wp-block-columns alignwide is-layout-flex wp-container-core-columns-is-layout-28f84493 wp-block-columns-is-layout-flex\">\n<div class=\"wp-block-column is-layout-flow wp-block-column-is-layout-flow\">\n<figure class=\"wp-block-video aligncenter\"><video height=\"720\" style=\"aspect-ratio: 1280 \/ 720;\" width=\"1280\" controls poster=\"https:\/\/doralinternationalgroup.com\/wp-content\/uploads\/2019\/10\/Symmons-video.png\" src=\"https:\/\/doralinternationalgroup.com\/wp-content\/uploads\/2019\/10\/Symmons-Beautiful-From-the-Inside-Out-720p.mp4\"><\/video><figcaption><strong>Hermosa de Adentro hacia Afuera<\/strong><\/figcaption><\/figure>\n<\/div>\n\n\n\n<div class=\"wp-block-column is-layout-flow wp-block-column-is-layout-flow\">\n<figure class=\"wp-block-video aligncenter\"><video height=\"720\" style=\"aspect-ratio: 1280 \/ 720;\" width=\"1280\" controls poster=\"https:\/\/doralinternationalgroup.com\/wp-content\/uploads\/2019\/10\/Symmons-temptrol-video.png\" src=\"https:\/\/doralinternationalgroup.com\/wp-content\/uploads\/2019\/10\/Learn-About-the-New-Temptrolr-Shower-Valve-720p.mp4\"><\/video><figcaption><strong>Conozca la Nueva V\u00e1lvula de la Ducha Temptrol<\/strong><\/figcaption><\/figure>\n<\/div>\n\n\n\n<div class=\"wp-block-column is-layout-flow wp-block-column-is-layout-flow\">\n<figure class=\"wp-block-video aligncenter\"><video height=\"720\" style=\"aspect-ratio: 1280 \/ 720;\" width=\"1280\" controls poster=\"https:\/\/doralinternationalgroup.com\/wp-content\/uploads\/2019\/10\/Symmons-Water-MS-video.png\" src=\"https:\/\/doralinternationalgroup.com\/wp-content\/uploads\/2019\/10\/Symmons-Water-Management-Introduction-720p.mp4\"><\/video><figcaption><strong>Introducci\u00f3n al Sistema de Gesti\u00f3n de Agua<\/strong><\/figcaption><\/figure>\n<\/div>\n<\/div>\n\n\n\n<p class=\"has-text-align-center\" style=\"font-size:15px\"> Para ver mas videos de Symmons, <a aria-label=\" (opens in a new tab)\" rel=\"noreferrer noopener\" href=\"https:\/\/www.youtube.com\/user\/SymmonsIndustries\" target=\"_blank\">oprima aqui<\/a>. <\/p>\n\n\n\n<hr class=\"wp-block-separator is-style-wide\"\/>","protected":false},"excerpt":{"rendered":"<p>Check out these product videos to experience the high-quality value of Viega plumbing systems, RLS&#8217; Press Fittings and Symmons&#8217; faucets. VIEGA To view more Viega videos click here. RLS To view more RLS videos click here. SYMMONS To view more Symmons videos click here.<\/p>","protected":false},"author":164231309,"featured_media":0,"parent":0,"menu_order":0,"comment_status":"closed","ping_status":"closed","template":"templates\/full-width-page.php","meta":{"advanced_seo_description":"","jetpack_seo_html_title":"","jetpack_seo_noindex":false,"jetpack_post_was_ever_published":false,"footnotes":""},"class_list":["post-3257","page","type-page","status-publish","hentry","entry"],"jetpack_likes_enabled":true,"jetpack_sharing_enabled":false,"jetpack_shortlink":"https:\/\/wp.me\/PbbkPv-Qx","amp_enabled":false,"_links":{"self":[{"href":"https:\/\/doralinternationalgroup.com\/es\/wp-json\/wp\/v2\/pages\/3257","targetHints":{"allow":["GET"]}}],"collection":[{"href":"https:\/\/doralinternationalgroup.com\/es\/wp-json\/wp\/v2\/pages"}],"about":[{"href":"https:\/\/doralinternationalgroup.com\/es\/wp-json\/wp\/v2\/types\/page"}],"author":[{"embeddable":true,"href":"https:\/\/doralinternationalgroup.com\/es\/wp-json\/wp\/v2\/users\/164231309"}],"replies":[{"embeddable":true,"href":"https:\/\/doralinternationalgroup.com\/es\/wp-json\/wp\/v2\/comments?post=3257"}],"version-history":[{"count":62,"href":"https:\/\/doralinternationalgroup.com\/es\/wp-json\/wp\/v2\/pages\/3257\/revisions"}],"predecessor-version":[{"id":6769,"href":"https:\/\/doralinternationalgroup.com\/es\/wp-json\/wp\/v2\/pages\/3257\/revisions\/6769"}],"wp:attachment":[{"href":"https:\/\/doralinternationalgroup.com\/es\/wp-json\/wp\/v2\/media?parent=3257"}],"curies":[{"name":"wp","href":"https:\/\/api.w.org\/{rel}","templated":true}]}}