{"id":259,"date":"2019-08-27T17:09:43","date_gmt":"2019-08-27T17:09:43","guid":{"rendered":"http:\/\/doralinternationalgroup.com\/?page_id=259"},"modified":"2022-03-07T12:01:15","modified_gmt":"2022-03-07T17:01:15","slug":"products","status":"publish","type":"page","link":"https:\/\/doralinternationalgroup.com\/es\/products\/","title":{"rendered":"LISTA DE PRODUCTOS"},"content":{"rendered":"<div class=\"wp-block-media-text alignfull is-image-fill is-stacked-on-mobile has-foreground-background-color has-background\" style=\"grid-template-columns:43% auto\"><figure class=\"wp-block-media-text__media\" style=\"background-image:url(https:\/\/doralinternationalgroup.com\/wp-content\/uploads\/2019\/09\/picture34.jpg?w=626);background-position:50% 50%\"><img data-recalc-dims=\"1\" loading=\"lazy\" decoding=\"async\" width=\"626\" height=\"375\" data-attachment-id=\"870\" data-permalink=\"https:\/\/doralinternationalgroup.com\/es\/homepage\/picture34\/\" data-orig-file=\"https:\/\/i0.wp.com\/doralinternationalgroup.com\/wp-content\/uploads\/2019\/09\/picture34.jpg?fit=626%2C375&amp;ssl=1\" data-orig-size=\"626,375\" data-comments-opened=\"1\" data-image-meta=\"{&quot;aperture&quot;:&quot;0&quot;,&quot;credit&quot;:&quot;&quot;,&quot;camera&quot;:&quot;&quot;,&quot;caption&quot;:&quot;&quot;,&quot;created_timestamp&quot;:&quot;0&quot;,&quot;copyright&quot;:&quot;&quot;,&quot;focal_length&quot;:&quot;0&quot;,&quot;iso&quot;:&quot;0&quot;,&quot;shutter_speed&quot;:&quot;0&quot;,&quot;title&quot;:&quot;&quot;,&quot;orientation&quot;:&quot;0&quot;}\" data-image-title=\"picture34\" data-image-description=\"\" data-image-caption=\"\" data-medium-file=\"https:\/\/i0.wp.com\/doralinternationalgroup.com\/wp-content\/uploads\/2019\/09\/picture34.jpg?fit=300%2C180&amp;ssl=1\" data-large-file=\"https:\/\/i0.wp.com\/doralinternationalgroup.com\/wp-content\/uploads\/2019\/09\/picture34.jpg?fit=626%2C375&amp;ssl=1\" src=\"https:\/\/i0.wp.com\/doralinternationalgroup.com\/wp-content\/uploads\/2019\/09\/picture34.jpg?resize=626%2C375&#038;ssl=1\" alt=\"\" class=\"wp-image-870 size-full\"\/><\/figure><div class=\"wp-block-media-text__content\">\n<p class=\"has-background-color has-text-color\" style=\"font-size:16px;line-height:1.5\">Doral International Group ofrece una amplia gama de productos residenciales\/comerciales, industriales, marinos y radiantes, todos con una probada trayectoria de excelencia por a\u00f1os. Cada marca es de propiedad privada y reconocida por su alta reputaci\u00f3n y valor agregado. En adicion a esto, ofrecemos un servicio personalizado a nuestros clientes. Para mas informacion, oprima el bot\u00f3n \"Servicios Adicionales.\"<\/p>\n<\/div><\/div>\n\n\n\n<p class=\"has-text-align-center\" style=\"font-size:15px\">*Oprima una imagen para obtener m\u00e1s informaci\u00f3n sobre cada marca*<\/p>\n\n\n\n<div class=\"wp-block-columns alignfull is-layout-flex wp-container-core-columns-is-layout-dbc3acd2 wp-block-columns-is-layout-flex\" style=\"padding-top:45px;padding-right:45px;padding-bottom:45px;padding-left:45px\">\n<div class=\"wp-block-column is-layout-flow wp-block-column-is-layout-flow\">\n<div class=\"wp-block-image\"><figure class=\"aligncenter size-thumbnail is-resized\"><a href=\"https:\/\/doralinternationalgroup.com\/viega\/\"><img data-recalc-dims=\"1\" loading=\"lazy\" decoding=\"async\" data-attachment-id=\"263\" data-permalink=\"https:\/\/doralinternationalgroup.com\/es\/logo-1\/\" data-orig-file=\"https:\/\/i0.wp.com\/doralinternationalgroup.com\/wp-content\/uploads\/2019\/08\/logo-1.jpg?fit=306%2C263&amp;ssl=1\" data-orig-size=\"306,263\" data-comments-opened=\"1\" data-image-meta=\"{&quot;aperture&quot;:&quot;0&quot;,&quot;credit&quot;:&quot;&quot;,&quot;camera&quot;:&quot;&quot;,&quot;caption&quot;:&quot;&quot;,&quot;created_timestamp&quot;:&quot;0&quot;,&quot;copyright&quot;:&quot;&quot;,&quot;focal_length&quot;:&quot;0&quot;,&quot;iso&quot;:&quot;0&quot;,&quot;shutter_speed&quot;:&quot;0&quot;,&quot;title&quot;:&quot;&quot;,&quot;orientation&quot;:&quot;0&quot;}\" data-image-title=\"logo-1\" data-image-description=\"\" data-image-caption=\"\" data-medium-file=\"https:\/\/i0.wp.com\/doralinternationalgroup.com\/wp-content\/uploads\/2019\/08\/logo-1.jpg?fit=300%2C258&amp;ssl=1\" data-large-file=\"https:\/\/i0.wp.com\/doralinternationalgroup.com\/wp-content\/uploads\/2019\/08\/logo-1.jpg?fit=306%2C263&amp;ssl=1\" src=\"https:\/\/i0.wp.com\/doralinternationalgroup.com\/wp-content\/uploads\/2019\/08\/logo-1.jpg?resize=153%2C132&#038;ssl=1\" alt=\"\" class=\"wp-image-263\" width=\"153\" height=\"132\"\/><\/a><\/figure><\/div>\n\n\n\n<p class=\"has-text-align-center\" style=\"font-size:15px\">Con 120 a\u00f1os de servicio de calidad, y una presencia en 88 pa\u00edses, Viega ofrece una amplia gama de sistemas de tecnolog\u00eda prensada para aplicaciones comerciales, residenciales, industriales y marinas. <\/p>\n<\/div>\n\n\n\n<div class=\"wp-block-column is-layout-flow wp-block-column-is-layout-flow\">\n<div class=\"wp-block-image\"><figure class=\"aligncenter size-full is-resized\"><a href=\"https:\/\/www.rapidlockingsystem.com\/\" target=\"_blank\" rel=\"noopener\"><img data-recalc-dims=\"1\" loading=\"lazy\" decoding=\"async\" data-attachment-id=\"6508\" data-permalink=\"https:\/\/doralinternationalgroup.com\/es\/homepage\/rls-2-2\/\" data-orig-file=\"https:\/\/i0.wp.com\/doralinternationalgroup.com\/wp-content\/uploads\/2022\/02\/RLS-2.png?fit=500%2C400&amp;ssl=1\" data-orig-size=\"500,400\" data-comments-opened=\"0\" data-image-meta=\"{&quot;aperture&quot;:&quot;0&quot;,&quot;credit&quot;:&quot;&quot;,&quot;camera&quot;:&quot;&quot;,&quot;caption&quot;:&quot;&quot;,&quot;created_timestamp&quot;:&quot;0&quot;,&quot;copyright&quot;:&quot;&quot;,&quot;focal_length&quot;:&quot;0&quot;,&quot;iso&quot;:&quot;0&quot;,&quot;shutter_speed&quot;:&quot;0&quot;,&quot;title&quot;:&quot;&quot;,&quot;orientation&quot;:&quot;0&quot;}\" data-image-title=\"RLS-2\" data-image-description=\"\" data-image-caption=\"\" data-medium-file=\"https:\/\/i0.wp.com\/doralinternationalgroup.com\/wp-content\/uploads\/2022\/02\/RLS-2.png?fit=300%2C240&amp;ssl=1\" data-large-file=\"https:\/\/i0.wp.com\/doralinternationalgroup.com\/wp-content\/uploads\/2022\/02\/RLS-2.png?fit=500%2C400&amp;ssl=1\" src=\"https:\/\/i0.wp.com\/doralinternationalgroup.com\/wp-content\/uploads\/2022\/02\/RLS-2.png?resize=153%2C132&#038;ssl=1\" alt=\"\" class=\"wp-image-6508\" width=\"153\" height=\"132\" srcset=\"https:\/\/i0.wp.com\/doralinternationalgroup.com\/wp-content\/uploads\/2022\/02\/RLS-2.png?resize=15%2C12&amp;ssl=1 15w, https:\/\/i0.wp.com\/doralinternationalgroup.com\/wp-content\/uploads\/2022\/02\/RLS-2.png?zoom=2&amp;resize=153%2C132&amp;ssl=1 306w, https:\/\/i0.wp.com\/doralinternationalgroup.com\/wp-content\/uploads\/2022\/02\/RLS-2.png?zoom=3&amp;resize=153%2C132&amp;ssl=1 459w\" sizes=\"auto, (max-width: 153px) 100vw, 153px\" \/><\/a><\/figure><\/div>\n\n\n\n<p class=\"has-text-align-center\" style=\"font-size:15px\">Lanzado en 2015, RLS (Sistema de Bloqueo R\u00e1pido) es el inventor y fabricante de la Refrigeraci\u00f3n de Ajuste de Prensa. La prensa RLS es r\u00e1pida, limpia y f\u00e1cil. Hasta la fecha, hay m\u00e1s de 11 millones de accesorios instalados en diversas aplicaciones.<\/p>\n<\/div>\n\n\n\n<div class=\"wp-block-column is-layout-flow wp-block-column-is-layout-flow\">\n<div class=\"wp-block-image\"><figure class=\"aligncenter size-thumbnail is-resized\"><a href=\"https:\/\/www.symmons.com\/\" target=\"_blank\" rel=\"noreferrer noopener\"><img data-recalc-dims=\"1\" loading=\"lazy\" decoding=\"async\" data-attachment-id=\"269\" data-permalink=\"https:\/\/doralinternationalgroup.com\/es\/symmons\/\" data-orig-file=\"https:\/\/i0.wp.com\/doralinternationalgroup.com\/wp-content\/uploads\/2019\/08\/symmons.png?fit=241%2C207&amp;ssl=1\" data-orig-size=\"241,207\" data-comments-opened=\"1\" data-image-meta=\"{&quot;aperture&quot;:&quot;0&quot;,&quot;credit&quot;:&quot;&quot;,&quot;camera&quot;:&quot;&quot;,&quot;caption&quot;:&quot;&quot;,&quot;created_timestamp&quot;:&quot;0&quot;,&quot;copyright&quot;:&quot;&quot;,&quot;focal_length&quot;:&quot;0&quot;,&quot;iso&quot;:&quot;0&quot;,&quot;shutter_speed&quot;:&quot;0&quot;,&quot;title&quot;:&quot;&quot;,&quot;orientation&quot;:&quot;0&quot;}\" data-image-title=\"symmons\" data-image-description=\"&lt;p&gt;Symmons logo&lt;\/p&gt;\" data-image-caption=\"\" data-medium-file=\"https:\/\/i0.wp.com\/doralinternationalgroup.com\/wp-content\/uploads\/2019\/08\/symmons.png?fit=241%2C207&amp;ssl=1\" data-large-file=\"https:\/\/i0.wp.com\/doralinternationalgroup.com\/wp-content\/uploads\/2019\/08\/symmons.png?fit=241%2C207&amp;ssl=1\" src=\"https:\/\/i0.wp.com\/doralinternationalgroup.com\/wp-content\/uploads\/2019\/08\/symmons.png?resize=162%2C132&#038;ssl=1\" alt=\"\" class=\"wp-image-269\" width=\"162\" height=\"132\"\/><\/a><\/figure><\/div>\n\n\n\n<p class=\"has-text-align-center\" style=\"font-size:15px\">Inventores de la v\u00e1lvula de ducha pressure balance Temptrol\u00ae y con 80 a\u00f1os de fundado, Symmons es un destacado fabricante de grifos reconocido por sus productos de plomer\u00eda comerciales y residenciales y especificado desde viviendas particulares hasta hoteles de cinco estrellas. <\/p>\n<\/div>\n\n\n\n<div class=\"wp-block-column is-layout-flow wp-block-column-is-layout-flow\">\n<div class=\"wp-block-image\"><figure class=\"aligncenter size-large is-resized\"><img data-recalc-dims=\"1\" loading=\"lazy\" decoding=\"async\" data-attachment-id=\"5635\" data-permalink=\"https:\/\/doralinternationalgroup.com\/es\/homepage\/screen-shot-2020-09-09-at-1-49-35-pm\/\" data-orig-file=\"https:\/\/i0.wp.com\/doralinternationalgroup.com\/wp-content\/uploads\/2020\/09\/Screen-Shot-2020-09-09-at-1.49.35-PM.png?fit=284%2C244&amp;ssl=1\" data-orig-size=\"284,244\" data-comments-opened=\"0\" data-image-meta=\"{&quot;aperture&quot;:&quot;0&quot;,&quot;credit&quot;:&quot;&quot;,&quot;camera&quot;:&quot;&quot;,&quot;caption&quot;:&quot;&quot;,&quot;created_timestamp&quot;:&quot;0&quot;,&quot;copyright&quot;:&quot;&quot;,&quot;focal_length&quot;:&quot;0&quot;,&quot;iso&quot;:&quot;0&quot;,&quot;shutter_speed&quot;:&quot;0&quot;,&quot;title&quot;:&quot;&quot;,&quot;orientation&quot;:&quot;0&quot;}\" data-image-title=\"Hydrotek logo\" data-image-description=\"&lt;p&gt;Hydrotek logo&lt;\/p&gt;\" data-image-caption=\"&lt;p&gt;Hydrotek logo&lt;\/p&gt;\" data-medium-file=\"https:\/\/i0.wp.com\/doralinternationalgroup.com\/wp-content\/uploads\/2020\/09\/Screen-Shot-2020-09-09-at-1.49.35-PM.png?fit=284%2C244&amp;ssl=1\" data-large-file=\"https:\/\/i0.wp.com\/doralinternationalgroup.com\/wp-content\/uploads\/2020\/09\/Screen-Shot-2020-09-09-at-1.49.35-PM.png?fit=284%2C244&amp;ssl=1\" src=\"https:\/\/i0.wp.com\/doralinternationalgroup.com\/wp-content\/uploads\/2020\/09\/Screen-Shot-2020-09-09-at-1.49.35-PM.png?resize=153%2C132&#038;ssl=1\" alt=\"Hydrotek logo\" class=\"wp-image-5635\" width=\"153\" height=\"132\"\/><\/figure><\/div>\n\n\n\n<p class=\"has-text-align-center\" style=\"font-size:15px\">Desde 1985, Hydrotek ha desarrollado sus propias l\u00edneas de dise\u00f1os \u00fanicos y grifos de sensores y v\u00e1lvulas de descarga patentados. Su innovadora tecnolog\u00eda de bater\u00edas ofrece 400,000 ciclos en conjunto con 4 bater\u00edas AA.  Desde la reciente introducci\u00f3n del nuevo Enduratek, el n\u00famero de ciclos de encendido\/apagado se ha incrementado a 1.5 millones.<\/p>\n<\/div>\n\n\n\n<div class=\"wp-block-column is-layout-flow wp-block-column-is-layout-flow\">\n<div class=\"wp-block-image\"><figure class=\"aligncenter size-thumbnail is-resized\"><a href=\"https:\/\/madeli.com\/\" target=\"_blank\" rel=\"noreferrer noopener\"><img data-recalc-dims=\"1\" loading=\"lazy\" decoding=\"async\" data-attachment-id=\"610\" data-permalink=\"https:\/\/doralinternationalgroup.com\/es\/madeli\/\" data-orig-file=\"https:\/\/i0.wp.com\/doralinternationalgroup.com\/wp-content\/uploads\/2019\/09\/madeli.png?fit=241%2C205&amp;ssl=1\" data-orig-size=\"241,205\" data-comments-opened=\"1\" data-image-meta=\"{&quot;aperture&quot;:&quot;0&quot;,&quot;credit&quot;:&quot;&quot;,&quot;camera&quot;:&quot;&quot;,&quot;caption&quot;:&quot;&quot;,&quot;created_timestamp&quot;:&quot;0&quot;,&quot;copyright&quot;:&quot;&quot;,&quot;focal_length&quot;:&quot;0&quot;,&quot;iso&quot;:&quot;0&quot;,&quot;shutter_speed&quot;:&quot;0&quot;,&quot;title&quot;:&quot;&quot;,&quot;orientation&quot;:&quot;0&quot;}\" data-image-title=\"madeli\" data-image-description=\"&lt;p&gt;Madeli Logo&lt;\/p&gt;\" data-image-caption=\"\" data-medium-file=\"https:\/\/i0.wp.com\/doralinternationalgroup.com\/wp-content\/uploads\/2019\/09\/madeli.png?fit=241%2C205&amp;ssl=1\" data-large-file=\"https:\/\/i0.wp.com\/doralinternationalgroup.com\/wp-content\/uploads\/2019\/09\/madeli.png?fit=241%2C205&amp;ssl=1\" src=\"https:\/\/i0.wp.com\/doralinternationalgroup.com\/wp-content\/uploads\/2019\/09\/madeli.png?resize=153%2C132&#038;ssl=1\" alt=\"\" class=\"wp-image-610\" width=\"153\" height=\"132\"\/><\/a><\/figure><\/div>\n\n\n\n<p class=\"has-text-align-center\" style=\"font-size:15px\">Influenciados por dise\u00f1os Italianos, y con m\u00e1s de 50 a\u00f1os de experiencia, Madeli\u00ae Bath Vanities son fabricados bajo el concepto que el dise\u00f1o, la funci\u00f3n y el valor son consideraciones decisivas. <\/p>\n<\/div>\n<\/div>\n\n\n\n<div class=\"wp-block-columns is-layout-flex wp-container-core-columns-is-layout-28f84493 wp-block-columns-is-layout-flex\">\n<div class=\"wp-block-column is-layout-flow wp-block-column-is-layout-flow\" style=\"flex-basis:100%\">\n<div class=\"wp-block-buttons is-horizontal is-content-justification-center is-layout-flex wp-container-core-buttons-is-layout-03627597 wp-block-buttons-is-layout-flex\">\n<div class=\"wp-block-button has-custom-font-size has-small-font-size\"><a class=\"wp-block-button__link has-foreground-background-color has-background\" href=\"https:\/\/doralinternationalgroup.com\/products\/services\/\">SERVICIOS ADICIONALES<\/a><\/div>\n<\/div>\n<\/div>\n<\/div>\n\n\n\n<hr class=\"wp-block-separator is-style-wide\"\/>","protected":false},"excerpt":{"rendered":"<p>Doral International Group offers a wide range of high-quality residential\/commercial, industrial, marine and radiant heating &amp; cooling products, all with years of proven excellence. Each brand is privately owned and recognized for having a high reputation and strong values. In addition, we also provide personalized services featured in our &#8220;Extra Services&#8221; link found below. *Click<a class=\"more-link\" href=\"https:\/\/doralinternationalgroup.com\/es\/products\/\">Sigue leyendo <span class=\"screen-reader-text\">&#8220;PRODUCT OVERVIEW&#8221;<\/span><\/a><\/p>","protected":false},"author":164231309,"featured_media":0,"parent":0,"menu_order":0,"comment_status":"closed","ping_status":"closed","template":"templates\/full-width-page.php","meta":{"advanced_seo_description":"","jetpack_seo_html_title":"","jetpack_seo_noindex":false,"jetpack_post_was_ever_published":false,"footnotes":""},"class_list":["post-259","page","type-page","status-publish","hentry","entry"],"jetpack_likes_enabled":true,"jetpack_sharing_enabled":true,"jetpack_shortlink":"https:\/\/wp.me\/PbbkPv-4b","amp_enabled":false,"_links":{"self":[{"href":"https:\/\/doralinternationalgroup.com\/es\/wp-json\/wp\/v2\/pages\/259","targetHints":{"allow":["GET"]}}],"collection":[{"href":"https:\/\/doralinternationalgroup.com\/es\/wp-json\/wp\/v2\/pages"}],"about":[{"href":"https:\/\/doralinternationalgroup.com\/es\/wp-json\/wp\/v2\/types\/page"}],"author":[{"embeddable":true,"href":"https:\/\/doralinternationalgroup.com\/es\/wp-json\/wp\/v2\/users\/164231309"}],"replies":[{"embeddable":true,"href":"https:\/\/doralinternationalgroup.com\/es\/wp-json\/wp\/v2\/comments?post=259"}],"version-history":[{"count":100,"href":"https:\/\/doralinternationalgroup.com\/es\/wp-json\/wp\/v2\/pages\/259\/revisions"}],"predecessor-version":[{"id":6779,"href":"https:\/\/doralinternationalgroup.com\/es\/wp-json\/wp\/v2\/pages\/259\/revisions\/6779"}],"wp:attachment":[{"href":"https:\/\/doralinternationalgroup.com\/es\/wp-json\/wp\/v2\/media?parent=259"}],"curies":[{"name":"wp","href":"https:\/\/api.w.org\/{rel}","templated":true}]}}